{"id":600,"date":"2017-01-06T23:20:28","date_gmt":"2017-01-06T23:20:28","guid":{"rendered":"http:\/\/localhost\/wordpress\/femalecoach\/?page_id=600"},"modified":"2025-09-12T19:02:47","modified_gmt":"2025-09-12T17:02:47","slug":"diritto-di-contare","status":"publish","type":"page","link":"https:\/\/stefaniabenedetti.info\/index.php\/diritto-di-contare\/","title":{"rendered":"Percorso 1:1 &#8211; Il Diritto di Contare"},"content":{"rendered":"\t\t<div data-elementor-type=\"wp-page\" data-elementor-id=\"600\" class=\"elementor elementor-600\">\n\t\t\t\t<div class=\"elementor-element elementor-element-21326ecf e-flex e-con-boxed e-con e-parent\" data-id=\"21326ecf\" data-element_type=\"container\">\n\t\t\t\t\t<div class=\"e-con-inner\">\n\t\t\t\t<div class=\"elementor-element elementor-element-71862cb3 elementor-widget elementor-widget-text-editor\" data-id=\"71862cb3\" data-element_type=\"widget\" data-widget_type=\"text-editor.default\">\n\t\t\t\t<div class=\"elementor-widget-container\">\n\t\t\t<style>\/*! elementor - v3.23.0 - 05-08-2024 *\/\n.elementor-widget-text-editor.elementor-drop-cap-view-stacked .elementor-drop-cap{background-color:#69727d;color:#fff}.elementor-widget-text-editor.elementor-drop-cap-view-framed .elementor-drop-cap{color:#69727d;border:3px solid;background-color:transparent}.elementor-widget-text-editor:not(.elementor-drop-cap-view-default) .elementor-drop-cap{margin-top:8px}.elementor-widget-text-editor:not(.elementor-drop-cap-view-default) .elementor-drop-cap-letter{width:1em;height:1em}.elementor-widget-text-editor .elementor-drop-cap{float:left;text-align:center;line-height:1;font-size:50px}.elementor-widget-text-editor .elementor-drop-cap-letter{display:inline-block}<\/style>\t\t\t\t<h3><img fetchpriority=\"high\" decoding=\"async\" class=\"alignnone wp-image-1505 size-full\" src=\"http:\/\/stefaniabenedetti.info\/wp-content\/uploads\/2025\/08\/il-diritto-di-contare.jpg\" alt=\"\" width=\"1280\" height=\"720\" srcset=\"https:\/\/stefaniabenedetti.info\/wp-content\/uploads\/2025\/08\/il-diritto-di-contare.jpg 1280w, https:\/\/stefaniabenedetti.info\/wp-content\/uploads\/2025\/08\/il-diritto-di-contare-300x169.jpg 300w, https:\/\/stefaniabenedetti.info\/wp-content\/uploads\/2025\/08\/il-diritto-di-contare-1024x576.jpg 1024w, https:\/\/stefaniabenedetti.info\/wp-content\/uploads\/2025\/08\/il-diritto-di-contare-768x432.jpg 768w, https:\/\/stefaniabenedetti.info\/wp-content\/uploads\/2025\/08\/il-diritto-di-contare-60x34.jpg 60w, https:\/\/stefaniabenedetti.info\/wp-content\/uploads\/2025\/08\/il-diritto-di-contare-980x551.jpg 980w, https:\/\/stefaniabenedetti.info\/wp-content\/uploads\/2025\/08\/il-diritto-di-contare-700x394.jpg 700w\" sizes=\"(max-width: 1280px) 100vw, 1280px\" \/><b style=\"letter-spacing: 0px;\">\u00a0<\/b><\/h3><p>Se ti sei sentita <strong>invisibile<\/strong>, <strong>sovraccarica<\/strong> o <strong>messa da parte<\/strong>, questo \u00e8 il momento di riprendere la tua voce, la tua forza e il tuo spazio.<\/p><p><b style=\"letter-spacing: 0px;\">Risultato in 2 mesi:<\/b><span style=\"letter-spacing: 0px;\"> pi\u00f9 sicurezza, pi\u00f9 chiarezza, pi\u00f9 tempo e rispetto per te.<\/span><\/p><p><b style=\"font-size: 16px;\">Posti limitati.<\/b><span style=\"font-size: 16px;\">\u00a0Il prossimo ciclo parte a\u00a0<\/span><b style=\"font-size: 16px;\">Ottobre<\/b><span style=\"font-size: 16px;\">.<\/span><\/p>\t\t\t\t\t\t<\/div>\n\t\t\t\t<\/div>\n\t\t\t\t\t<\/div>\n\t\t\t\t<\/div>\n\t\t<div class=\"elementor-element elementor-element-9b6caff e-flex e-con-boxed e-con e-parent\" data-id=\"9b6caff\" data-element_type=\"container\">\n\t\t\t\t\t<div class=\"e-con-inner\">\n\t\t\t\t<div class=\"elementor-element elementor-element-0c603cd elementor-widget elementor-widget-spacer\" data-id=\"0c603cd\" data-element_type=\"widget\" data-widget_type=\"spacer.default\">\n\t\t\t\t<div class=\"elementor-widget-container\">\n\t\t\t<style>\/*! elementor - v3.23.0 - 05-08-2024 *\/\n.elementor-column .elementor-spacer-inner{height:var(--spacer-size)}.e-con{--container-widget-width:100%}.e-con-inner>.elementor-widget-spacer,.e-con>.elementor-widget-spacer{width:var(--container-widget-width,var(--spacer-size));--align-self:var(--container-widget-align-self,initial);--flex-shrink:0}.e-con-inner>.elementor-widget-spacer>.elementor-widget-container,.e-con>.elementor-widget-spacer>.elementor-widget-container{height:100%;width:100%}.e-con-inner>.elementor-widget-spacer>.elementor-widget-container>.elementor-spacer,.e-con>.elementor-widget-spacer>.elementor-widget-container>.elementor-spacer{height:100%}.e-con-inner>.elementor-widget-spacer>.elementor-widget-container>.elementor-spacer>.elementor-spacer-inner,.e-con>.elementor-widget-spacer>.elementor-widget-container>.elementor-spacer>.elementor-spacer-inner{height:var(--container-widget-height,var(--spacer-size))}.e-con-inner>.elementor-widget-spacer.elementor-widget-empty,.e-con>.elementor-widget-spacer.elementor-widget-empty{position:relative;min-height:22px;min-width:22px}.e-con-inner>.elementor-widget-spacer.elementor-widget-empty .elementor-widget-empty-icon,.e-con>.elementor-widget-spacer.elementor-widget-empty .elementor-widget-empty-icon{position:absolute;top:0;bottom:0;left:0;right:0;margin:auto;padding:0;width:22px;height:22px}<\/style>\t\t<div class=\"elementor-spacer\">\n\t\t\t<div class=\"elementor-spacer-inner\"><\/div>\n\t\t<\/div>\n\t\t\t\t<\/div>\n\t\t\t\t<\/div>\n\t\t\t\t\t<\/div>\n\t\t\t\t<\/div>\n\t\t<div class=\"elementor-element elementor-element-5898d05 e-flex e-con-boxed e-con e-parent\" data-id=\"5898d05\" data-element_type=\"container\">\n\t\t\t\t\t<div class=\"e-con-inner\">\n\t\t\t\t<div class=\"elementor-element elementor-element-714c6e4 elementor-widget elementor-widget-text-editor\" data-id=\"714c6e4\" data-element_type=\"widget\" data-widget_type=\"text-editor.default\">\n\t\t\t\t<div class=\"elementor-widget-container\">\n\t\t\t\t\t\t\t<h3><strong>IL CUORE DEL PERCORSO\u00a0<\/strong><\/h3><p>Ci sono momenti in cui senti che stai facendo tanto\u2026<br \/>ma non sai pi\u00f9\u00a0<b>per chi<\/b>\u00a0lo stai facendo.<br \/>Le giornate si riempiono, la mente corre, il corpo resiste \u2014 e tu resti indietro.<\/p><p>Poi, un giorno, ti accorgi che la voce pi\u00f9 importante \u00e8 quella che non hai ascoltato:\u00a0<b>la tua<\/b>.<\/p><p><b>\u201cIl Diritto di Contare\u201d<\/b>\u00a0\u00e8 il luogo in cui torni a te stessa.<br \/>Non per cambiare chi sei, ma per ricordartelo.<br \/>Qui non corriamo, non inseguiamo, non accumuliamo.<br \/>Qui\u00a0<b>scolpiamo via<\/b>\u00a0ci\u00f2 che non serve pi\u00f9, fino a trovare il nucleo vivo di ci\u00f2 che conta davvero per te.<\/p><p>Sessione dopo sessione, ti accorgi che le scelte diventano pi\u00f9 chiare.<br \/>Che il \u201cno\u201d smette di essere un peso e diventa un atto d\u2019amore.<br \/>Che il tempo che dedichi a te non \u00e8 un lusso, ma una base solida su cui costruire tutto il resto.<\/p><p>Questo \u00e8 un accompagnamento che ti tiene per mano mentre torni a casa da te stessa.<br \/>Con strumenti potenti, s\u00ec, ma soprattutto con la certezza che\u00a0<b>tu hai il diritto di occupare il tuo posto, senza doverti giustificare<\/b>.<\/p><p>Perch\u00e9 quando torni a te, il mondo intorno si riallinea.<br \/>E ogni passo diventa tuo, davvero.<\/p>\t\t\t\t\t\t<\/div>\n\t\t\t\t<\/div>\n\t\t\t\t\t<\/div>\n\t\t\t\t<\/div>\n\t\t<div class=\"elementor-element elementor-element-f342402 e-flex e-con-boxed e-con e-parent\" data-id=\"f342402\" data-element_type=\"container\">\n\t\t\t\t\t<div class=\"e-con-inner\">\n\t\t\t\t<div class=\"elementor-element elementor-element-884f0aa elementor-widget elementor-widget-text-editor\" data-id=\"884f0aa\" data-element_type=\"widget\" data-widget_type=\"text-editor.default\">\n\t\t\t\t<div class=\"elementor-widget-container\">\n\t\t\t\t\t\t\t<p>\u00a0<\/p><h3><b><img decoding=\"async\" class=\"wp-image-1446 size-full alignleft\" src=\"http:\/\/stefaniabenedetti.info\/wp-content\/uploads\/2025\/08\/3.jpg\" sizes=\"(max-width: 500px) 100vw, 500px\" srcset=\"https:\/\/stefaniabenedetti.info\/wp-content\/uploads\/2025\/08\/3.jpg 500w, https:\/\/stefaniabenedetti.info\/wp-content\/uploads\/2025\/08\/3-300x200.jpg 300w, https:\/\/stefaniabenedetti.info\/wp-content\/uploads\/2025\/08\/3-60x40.jpg 60w, https:\/\/stefaniabenedetti.info\/wp-content\/uploads\/2025\/08\/3-390x260.jpg 390w\" alt=\"\" width=\"500\" height=\"334\" \/><\/b><\/h3><h3><b>2 mesi \u2013 8 sessioni per ritrovare la tua voce, la tua forza e il tuo posto.<\/b><\/h3><div><p>Conta quello che fai. Conta quello che sei.<br \/>E soprattutto:\u00a0<b>conti tu<\/b>.<\/p><p>Se negli ultimi tempi ti sei sentita invisibile, sovraccarica o sottovalutata \u2014 nel lavoro o nella vita personale \u2014 questo \u00e8 il tuo spazio per riprendere in mano la tua presenza, la tua energia e la tua direzione.<\/p><p><b>\u201cIl Diritto di Contare\u201d<\/b>\u00a0\u00e8 un percorso individuale di 2 mesi, in 8 sessioni 1:1, per aiutarti a:<\/p><ul><li>Farti ascoltare senza sentirti in difetto.<\/li><li>Prendere decisioni chiare e sostenibili.<\/li><li>Mettere confini sani e rispettarli.<\/li><li>Valorizzare il tuo tempo, il tuo lavoro e il tuo contributo.<\/li><\/ul><\/div>\t\t\t\t\t\t<\/div>\n\t\t\t\t<\/div>\n\t\t\t\t\t<\/div>\n\t\t\t\t<\/div>\n\t\t<div class=\"elementor-element elementor-element-4882902 e-flex e-con-boxed e-con e-parent\" data-id=\"4882902\" data-element_type=\"container\">\n\t\t\t\t\t<div class=\"e-con-inner\">\n\t\t\t\t<div class=\"elementor-element elementor-element-a473cad elementor-align-center elementor-widget elementor-widget-button\" data-id=\"a473cad\" data-element_type=\"widget\" data-widget_type=\"button.default\">\n\t\t\t\t<div class=\"elementor-widget-container\">\n\t\t\t\t\t<div class=\"elementor-button-wrapper\">\n\t\t\t<a class=\"elementor-button elementor-button-link elementor-size-sm\" href=\"https:\/\/wa.me\/3356480017\" id=\"Whatsapp\">\n\t\t\t\t\t\t<span class=\"elementor-button-content-wrapper\">\n\t\t\t\t\t\t\t\t\t<span class=\"elementor-button-text\">Prenota la tua call gratuita<\/span>\n\t\t\t\t\t<\/span>\n\t\t\t\t\t<\/a>\n\t\t<\/div>\n\t\t\t\t<\/div>\n\t\t\t\t<\/div>\n\t\t\t\t\t<\/div>\n\t\t\t\t<\/div>\n\t\t<div class=\"elementor-element elementor-element-0690bef e-flex e-con-boxed e-con e-parent\" data-id=\"0690bef\" data-element_type=\"container\">\n\t\t\t\t\t<div class=\"e-con-inner\">\n\t\t\t\t<div class=\"elementor-element elementor-element-1edcc52 elementor-widget elementor-widget-text-editor\" data-id=\"1edcc52\" data-element_type=\"widget\" data-widget_type=\"text-editor.default\">\n\t\t\t\t<div class=\"elementor-widget-container\">\n\t\t\t\t\t\t\t<h3><b>Perch\u00e9 si chiama \u201cIl Diritto di Contare\u201d<\/b><\/h3><p>Perch\u00e9 non \u00e8 un favore. Non \u00e8 un lusso.<br \/>\u00c8 un diritto sapere di avere un posto, di essere riconosciuta, di vivere in linea con ci\u00f2 che sei.<\/p><h3><b>Come funziona il percorso<\/b><\/h3><ul><li><b>Durata:<\/b>\u00a02 mesi intensivi<\/li><li><b>8 sessioni 1:1<\/b>\u00a0online<\/li><li><strong>Supporto<\/strong>\u00a0e follow-up personalizzati tra una sessione e l\u2019altra<\/li><li><strong>Strumenti<\/strong>\u00a0pratici e mirati: coaching, esercizi mente-corpo, journaling strategico, piani d\u2019azione<\/li><li><strong>Materiali<\/strong>\u00a0di supporto esclusivi per integrare il lavoro fatto in sessione<\/li><\/ul><h3><b>Cosa ottieni in 2 mesi<\/b><\/h3><ul><li>Pi\u00f9 sicurezza nelle tue scelte<\/li><li>La capacit\u00e0 di dire\u00a0<b>\u201cNO\u201d<\/b>\u00a0senza sensi di colpa<\/li><li>Chiarezza sui tuoi obiettivi e su come raggiungerli<\/li><li>Tempo ed energia per ci\u00f2 che ami<\/li><li>Relazioni pi\u00f9 sane, nel lavoro e nella vita personale<\/li><\/ul><h3><b>Cosa rende unico questo percorso<\/b><\/h3><ol><li><b>Lavoro mirato e intensivo<\/b>: affrontiamo le tue priorit\u00e0 con metodo e velocit\u00e0.<\/li><li><b>Strumenti concreti<\/b>: ogni sessione produce azioni chiare da mettere subito in pratica.<\/li><li><b>Supporto costante<\/b>: non sei sola tra una sessione e l\u2019altra.<\/li><\/ol><p><img decoding=\"async\" class=\"an1 alignleft\" draggable=\"false\" src=\"https:\/\/fonts.gstatic.com\/s\/e\/notoemoji\/16.0\/1f4ac\/72.png\" alt=\"\ud83d\udcac\" width=\"44\" height=\"44\" data-emoji=\"\ud83d\udcac\" aria-label=\"\ud83d\udcac\" \/><\/p><p><i>\u201cNon sapevo come dire quello che pensavo senza sentirmi sbagliata.\u00a0<\/i><i>Dopo questo percorso, non solo riesco a dirlo, ma lo faccio con calma, sicurezza e rispetto per me stessa. \u00c8 stato un punto di svolta.\u201d<\/i>\u00a0\u2013\u00a0<b>Marta.<\/b><b><\/b><\/p><p><b>Il tuo posto conta. E anche tu.<\/b><\/p><p>Inizia ora il percorso per rimetterti al centro, senza scuse.<br \/>I posti sono limitati per garantire il massimo della personalizzazione.<\/p>\t\t\t\t\t\t<\/div>\n\t\t\t\t<\/div>\n\t\t\t\t\t<\/div>\n\t\t\t\t<\/div>\n\t\t<div class=\"elementor-element elementor-element-b4c3b1c e-flex e-con-boxed e-con e-parent\" data-id=\"b4c3b1c\" data-element_type=\"container\">\n\t\t\t\t\t<div class=\"e-con-inner\">\n\t\t\t\t<div class=\"elementor-element elementor-element-eba45a6 elementor-align-center elementor-widget elementor-widget-button\" data-id=\"eba45a6\" data-element_type=\"widget\" data-widget_type=\"button.default\">\n\t\t\t\t<div class=\"elementor-widget-container\">\n\t\t\t\t\t<div class=\"elementor-button-wrapper\">\n\t\t\t<a class=\"elementor-button elementor-button-link elementor-size-sm\" href=\"https:\/\/wa.me\/3356480017\" id=\"Whatsapp\">\n\t\t\t\t\t\t<span class=\"elementor-button-content-wrapper\">\n\t\t\t\t\t\t\t\t\t<span class=\"elementor-button-text\">Prenota la tua call gratuita<\/span>\n\t\t\t\t\t<\/span>\n\t\t\t\t\t<\/a>\n\t\t<\/div>\n\t\t\t\t<\/div>\n\t\t\t\t<\/div>\n\t\t\t\t\t<\/div>\n\t\t\t\t<\/div>\n\t\t\t\t<\/div>\n\t\t","protected":false},"excerpt":{"rendered":"<p>\u00a0 Se ti sei sentita invisibile, sovraccarica o messa da parte, questo \u00e8 il momento di riprendere la tua voce, la tua forza e il tuo spazio. Risultato in 2&#8230;<\/p>\n","protected":false},"author":1,"featured_media":0,"parent":0,"menu_order":0,"comment_status":"closed","ping_status":"closed","template":"","meta":{"footnotes":""},"class_list":["post-600","page","type-page","status-publish","hentry"],"jetpack_sharing_enabled":true,"_links":{"self":[{"href":"https:\/\/stefaniabenedetti.info\/index.php\/wp-json\/wp\/v2\/pages\/600","targetHints":{"allow":["GET"]}}],"collection":[{"href":"https:\/\/stefaniabenedetti.info\/index.php\/wp-json\/wp\/v2\/pages"}],"about":[{"href":"https:\/\/stefaniabenedetti.info\/index.php\/wp-json\/wp\/v2\/types\/page"}],"author":[{"embeddable":true,"href":"https:\/\/stefaniabenedetti.info\/index.php\/wp-json\/wp\/v2\/users\/1"}],"replies":[{"embeddable":true,"href":"https:\/\/stefaniabenedetti.info\/index.php\/wp-json\/wp\/v2\/comments?post=600"}],"version-history":[{"count":49,"href":"https:\/\/stefaniabenedetti.info\/index.php\/wp-json\/wp\/v2\/pages\/600\/revisions"}],"predecessor-version":[{"id":1589,"href":"https:\/\/stefaniabenedetti.info\/index.php\/wp-json\/wp\/v2\/pages\/600\/revisions\/1589"}],"wp:attachment":[{"href":"https:\/\/stefaniabenedetti.info\/index.php\/wp-json\/wp\/v2\/media?parent=600"}],"curies":[{"name":"wp","href":"https:\/\/api.w.org\/{rel}","templated":true}]}}